{"id":79,"date":"2025-02-01T17:30:07","date_gmt":"2025-02-01T16:30:07","guid":{"rendered":"http:\/\/www.residence-lapalmeraie.fr\/?page_id=79"},"modified":"2025-02-01T17:54:35","modified_gmt":"2025-02-01T16:54:35","slug":"appartement-t2-meuble-de-40-m2","status":"publish","type":"page","link":"https:\/\/www.residence-lapalmeraie.fr\/index.php\/appartement-t2-meuble-de-40-m2\/","title":{"rendered":"Appartement T2 meubl\u00e9 de 40 m2"},"content":{"rendered":"\n<div class=\"wp-block-group is-content-justification-right\"><div class=\"wp-block-group__inner-container is-layout-constrained wp-container-core-group-is-layout-07b51d56 wp-block-group-is-layout-constrained\">\n<p>Joli appartement d\u00e9cor\u00e9 avec des couleurs zen, donnant sur le<\/p>\n\n\n\n<p>jardin au premier \u00e9tage avec vue sur le Pic du Midi. Il poss\u00e8de<\/p>\n\n\n\n<p>une cuisine \u00e9quip\u00e9e, un coin salon avec un canap\u00e9 ,<\/p>\n\n\n\n<p>une chambre s\u00e9par\u00e9e avec un lit double et une salle de bain, WC. TV et wifi gratuit.<\/p>\n<\/div><\/div>\n\n\n\n<div class=\"wp-block-columns are-vertically-aligned-center is-layout-flex wp-container-core-columns-is-layout-9d6595d7 wp-block-columns-is-layout-flex\">\n<div class=\"wp-block-column is-layout-flow wp-block-column-is-layout-flow\" style=\"flex-basis:68%\">\n<p>Caract\u00e9ritiques<\/p>\n\n\n\n<p><strong>WC<\/strong>Pi\u00e8ce s\u00e9par\u00e9<\/p>\n\n\n\n<p><strong>Type<\/strong>T2&nbsp; (2 pi\u00e8ces)<\/p>\n\n\n\n<p><strong>Surface<\/strong>40 m\u00b2<\/p>\n\n\n\n<p><strong>Piece \u00e0 vivre<\/strong>&#8220;Coin cuisine&#8221; et 1 canap\u00e9<\/p>\n\n\n\n<p><strong>Chambre<\/strong>Spacieuse, nombreux rangements, 1 lit 140cm<\/p>\n\n\n\n<p><strong>Salle d&#8217;eau<\/strong>Pi\u00e9ce s\u00e9par\u00e9<\/p>\n\n\n\n<h3 class=\"wp-block-heading\">Equipements<\/h3>\n\n\n\n<ul class=\"wp-block-list\">\n<li><strong>Cuisine<\/strong>Four, cuisin\u00e8re avec h\u00f4te et ustensiles<\/li>\n\n\n\n<li><strong>Confort<\/strong>Tv connect\u00e9 via TNT, acc\u00e8s wifi de la r\u00e9sidence<\/li>\n<\/ul>\n<\/div>\n<\/div>\n\n\n\n<h2 class=\"wp-block-heading\">Tarifs<\/h2>\n\n\n\n<ul class=\"wp-block-list\">\n<li>Basse saison : 200\u20ac\/semaine&nbsp;(Mars\/avril\/octobre\/novembre)<\/li>\n\n\n\n<li>Moyenne saison : 210\u20ac\/semaine&nbsp;(Mai\/juin\/septembre)<\/li>\n\n\n\n<li>Haute saison : 230\u20ac\/semaine&nbsp;(Juillet\/aout)<\/li>\n\n\n\n<li>Vacance d&#8217;hiver: 230\u20ac\/semaine<\/li>\n\n\n\n<li>Forfait cure \u00e0 600 \u20ac pour 3 semaines toutes saisons confondues<\/li>\n\n\n\n<li>Pour les week-end nous contacter<\/li>\n<\/ul>\n\n\n\n<p><strong>Le prix ne comprend pas<\/strong>&nbsp;la taxe de s\u00e9jour.<\/p>\n\n\n\n<h2 class=\"wp-block-heading\">Modalit\u00e9s de la location<\/h2>\n\n\n\n<ul class=\"wp-block-list\">\n<li>Caution de&nbsp;300\u20ac<\/li>\n\n\n\n<li>25% d&#8217;arrhes pour la r\u00e9servation<\/li>\n\n\n\n<li>Arriv\u00e9e le Samedi apr\u00e8s 16h00, d\u00e9part le samedi avant 10h00<\/li>\n\n\n\n<li>Draps, torchons et linge de toilette non fournis<\/li>\n\n\n\n<li>M\u00e9nage non inclus<\/li>\n<\/ul>\n","protected":false},"excerpt":{"rendered":"<p>Joli appartement d\u00e9cor\u00e9 avec des couleurs zen, donnant sur le jardin au premier \u00e9tage avec vue sur le Pic du Midi. Il poss\u00e8de une cuisine \u00e9quip\u00e9e, un coin salon avec un canap\u00e9 , une chambre s\u00e9par\u00e9e avec un lit double et une salle de bain, WC. TV et wifi gratuit. Caract\u00e9ritiques WCPi\u00e8ce s\u00e9par\u00e9 TypeT2&nbsp; (2 &#8230; <a href=\"https:\/\/www.residence-lapalmeraie.fr\/index.php\/appartement-t2-meuble-de-40-m2\/\" class=\"more-link\">Read More<span class=\"screen-reader-text\"> &#8220;Appartement T2 meubl\u00e9 de 40 m2&#8221;<\/span> &raquo;<\/a><\/p>\n","protected":false},"author":1,"featured_media":0,"parent":0,"menu_order":0,"comment_status":"closed","ping_status":"closed","template":"","meta":{"footnotes":""},"class_list":["post-79","page","type-page","status-publish","hentry"],"_links":{"self":[{"href":"https:\/\/www.residence-lapalmeraie.fr\/index.php\/wp-json\/wp\/v2\/pages\/79","targetHints":{"allow":["GET"]}}],"collection":[{"href":"https:\/\/www.residence-lapalmeraie.fr\/index.php\/wp-json\/wp\/v2\/pages"}],"about":[{"href":"https:\/\/www.residence-lapalmeraie.fr\/index.php\/wp-json\/wp\/v2\/types\/page"}],"author":[{"embeddable":true,"href":"https:\/\/www.residence-lapalmeraie.fr\/index.php\/wp-json\/wp\/v2\/users\/1"}],"replies":[{"embeddable":true,"href":"https:\/\/www.residence-lapalmeraie.fr\/index.php\/wp-json\/wp\/v2\/comments?post=79"}],"version-history":[{"count":3,"href":"https:\/\/www.residence-lapalmeraie.fr\/index.php\/wp-json\/wp\/v2\/pages\/79\/revisions"}],"predecessor-version":[{"id":94,"href":"https:\/\/www.residence-lapalmeraie.fr\/index.php\/wp-json\/wp\/v2\/pages\/79\/revisions\/94"}],"wp:attachment":[{"href":"https:\/\/www.residence-lapalmeraie.fr\/index.php\/wp-json\/wp\/v2\/media?parent=79"}],"curies":[{"name":"wp","href":"https:\/\/api.w.org\/{rel}","templated":true}]}}