{"id":76,"date":"2025-02-01T17:28:49","date_gmt":"2025-02-01T16:28:49","guid":{"rendered":"http:\/\/www.residence-lapalmeraie.fr\/?page_id=76"},"modified":"2025-02-01T17:29:10","modified_gmt":"2025-02-01T16:29:10","slug":"appartement-t2-meuble-de-45m2","status":"publish","type":"page","link":"https:\/\/www.residence-lapalmeraie.fr\/index.php\/appartement-t2-meuble-de-45m2\/","title":{"rendered":"Appartement T2 meubl\u00e9 de 45m2\u00a0"},"content":{"rendered":"\n<p>Adorable appartement au premier \u00e9tage donnant<\/p>\n\n\n\n<p>sur un parc et une fontaine, sans vis \u00e0 vis. Tr\u00e8s accueillant<\/p>\n\n\n\n<p>il poss\u00e8de une cuisine \u00e9quip\u00e9e, un espace salon,<\/p>\n\n\n\n<p>une chambre spacieuse et s\u00e9par\u00e9e avec un lit double et un lit simple et une chambre<\/p>\n\n\n\n<p>passante avec un canap\u00e9 convertible. TV et wifi gratuit<\/p>\n\n\n\n<h3 class=\"wp-block-heading\">Caract\u00e9ritiques<\/h3>\n\n\n\n<ul class=\"wp-block-list\">\n<li><strong>Type<\/strong>T2\u00a0 (2 pi\u00e8ces)<\/li>\n\n\n\n<li><strong>Surface<\/strong>45 m\u00b2<\/li>\n\n\n\n<li><strong>Piece \u00e0 vivre<\/strong>&#8220;Coin cuisine&#8221; et 1 canap\u00e9 lit 140cm<\/li>\n\n\n\n<li><strong>Chambre<\/strong>Spacieuse, nombreux rangements, 1 lit 140cm<\/li>\n\n\n\n<li><strong>Salle d&#8217;eau<\/strong>Pi\u00e9ce s\u00e9par\u00e9<\/li>\n\n\n\n<li><strong>WC<\/strong>Pi\u00e8ce s\u00e9par\u00e9<\/li>\n<\/ul>\n\n\n\n<h3 class=\"wp-block-heading\">Equipements<\/h3>\n\n\n\n<ul class=\"wp-block-list\">\n<li><strong>Cuisine<\/strong>Four, cuisin\u00e8re avec h\u00f4te et ustensiles<\/li>\n\n\n\n<li><strong>Confort<\/strong>Tv connect\u00e9 via TNT, acc\u00e8s wifi de la r\u00e9sidence<\/li>\n<\/ul>\n\n\n\n<h2 class=\"wp-block-heading\">Tarifs<\/h2>\n\n\n\n<ul class=\"wp-block-list\">\n<li>Basse saison : 205\u20ac\/semaine\u00a0(Mars\/avril\/octobre\/novembre)<\/li>\n\n\n\n<li>Moyenne saison : 225\u20ac\/semaine\u00a0(Mai\/juin\/septembre)<\/li>\n\n\n\n<li>Haute saison \u00a0: 245\u20ac\/semaine\u00a0(Juillet\/aout)<\/li>\n\n\n\n<li>Vacance d&#8217;hiver: 245\u20ac\/semaine<\/li>\n\n\n\n<li>Forfait cure \u00e0 615\u20ac pour 3 semaines toutes saisons confondues<\/li>\n\n\n\n<li>Pour les week-end nous contacter<\/li>\n<\/ul>\n\n\n\n<p><strong>Le prix ne comprend pas<\/strong>&nbsp;la taxe de s\u00e9jour .<\/p>\n\n\n\n<h2 class=\"wp-block-heading\">Modalit\u00e9s de la location<\/h2>\n\n\n\n<ul class=\"wp-block-list\">\n<li>Caution de\u00a0300\u20ac<\/li>\n\n\n\n<li>25% d&#8217;arrhes pour la r\u00e9servation<\/li>\n\n\n\n<li>Arriv\u00e9e le Samedi apr\u00e8s 16h00,\u00a0 d\u00e9part le samedi avant 10h00<\/li>\n\n\n\n<li>Draps, torchons et linge de toilette non fournis<\/li>\n\n\n\n<li>M\u00e9nage non inclus<\/li>\n<\/ul>\n\n\n\n<p><\/p>\n","protected":false},"excerpt":{"rendered":"<p>Adorable appartement au premier \u00e9tage donnant sur un parc et une fontaine, sans vis \u00e0 vis. Tr\u00e8s accueillant il poss\u00e8de une cuisine \u00e9quip\u00e9e, un espace salon, une chambre spacieuse et s\u00e9par\u00e9e avec un lit double et un lit simple et une chambre passante avec un canap\u00e9 convertible. TV et wifi gratuit Caract\u00e9ritiques Equipements Tarifs Le &#8230; <a href=\"https:\/\/www.residence-lapalmeraie.fr\/index.php\/appartement-t2-meuble-de-45m2\/\" class=\"more-link\">Read More<span class=\"screen-reader-text\"> &#8220;Appartement T2 meubl\u00e9 de 45m2\u00a0&#8220;<\/span> &raquo;<\/a><\/p>\n","protected":false},"author":1,"featured_media":0,"parent":0,"menu_order":0,"comment_status":"closed","ping_status":"closed","template":"","meta":{"footnotes":""},"class_list":["post-76","page","type-page","status-publish","hentry"],"_links":{"self":[{"href":"https:\/\/www.residence-lapalmeraie.fr\/index.php\/wp-json\/wp\/v2\/pages\/76","targetHints":{"allow":["GET"]}}],"collection":[{"href":"https:\/\/www.residence-lapalmeraie.fr\/index.php\/wp-json\/wp\/v2\/pages"}],"about":[{"href":"https:\/\/www.residence-lapalmeraie.fr\/index.php\/wp-json\/wp\/v2\/types\/page"}],"author":[{"embeddable":true,"href":"https:\/\/www.residence-lapalmeraie.fr\/index.php\/wp-json\/wp\/v2\/users\/1"}],"replies":[{"embeddable":true,"href":"https:\/\/www.residence-lapalmeraie.fr\/index.php\/wp-json\/wp\/v2\/comments?post=76"}],"version-history":[{"count":1,"href":"https:\/\/www.residence-lapalmeraie.fr\/index.php\/wp-json\/wp\/v2\/pages\/76\/revisions"}],"predecessor-version":[{"id":77,"href":"https:\/\/www.residence-lapalmeraie.fr\/index.php\/wp-json\/wp\/v2\/pages\/76\/revisions\/77"}],"wp:attachment":[{"href":"https:\/\/www.residence-lapalmeraie.fr\/index.php\/wp-json\/wp\/v2\/media?parent=76"}],"curies":[{"name":"wp","href":"https:\/\/api.w.org\/{rel}","templated":true}]}}