{"id":59,"date":"2025-02-01T17:10:25","date_gmt":"2025-02-01T16:10:25","guid":{"rendered":"http:\/\/www.residence-lapalmeraie.fr\/?page_id=59"},"modified":"2025-02-02T19:33:30","modified_gmt":"2025-02-02T18:33:30","slug":"acceuil","status":"publish","type":"page","link":"https:\/\/www.residence-lapalmeraie.fr\/","title":{"rendered":"Accueil"},"content":{"rendered":"\n<p>R\u00e9sidence la Palmeraie<\/p>\n\n\n\n<p><strong>Au c\u0153ur des Hautes Pyr\u00e9n\u00e9es, la r\u00e9sidence la Palmeraie, vous propose, toute l&#8217;ann\u00e9e la location d&#8217;un studio et de deux appartements meubl\u00e9s.<\/strong><\/p>\n\n\n\n<p>Pens\u00e9 pour des s\u00e9jours de plusieurs jours, chaque location dispose de tout le confort n\u00e9cessaire ( cuisine \u00e9quip\u00e9e, internet, TV, lave linge) pour passer un s\u00e9jour agr\u00e9able. Proche des commerces et restaurants, vous \u00eates libre de d\u00e9couvrir la gastronomie locale dans un restaurant ou bien de vous pr\u00e9parer un d\u00e9licieux repas&nbsp; !<\/p>\n\n\n\n<p>Id\u00e9alement plac\u00e9e pour d\u00e9couvrir la vall\u00e9e, en hiver venez skier dans le plus grand domaine skiable des Pyr\u00e9n\u00e9es, le grand Tourmalet (La Mongie\/Bar\u00e8ge), l&#8217;\u00e9t\u00e9 golf et minigolf, balades, randonn\u00e9es et animations (Tour de France,&nbsp;f\u00eates des fleurs).<\/p>\n\n\n\n<p>Par ailleurs, Bagn\u00e8res de bigorre est connue pour ses eaux thermales naturellement chaudes et bienfaisantes. Les &#8220;Grands Thermes&#8221; ouvre ses portes aux curistes de mars \u00e0 novembre et toute l&#8217;ann\u00e9e &#8220;Aquensis&#8221;&nbsp; propose spa-thermaux et soins de d\u00e9tentes \u00e0 tout public.<\/p>\n\n\n<div id=\"grid-gallery-2-46883\" data-gg-id=\"2\" data-title=\"La r\u00e9sidence\" data-grid-type=\"2\" data-offset=\"5.3\" data-area-position=\"center\" data-icons=\"\" data-preloader=\"true\" data-width=\"auto\" data-height=\"215\" data-padding=\"0\" data-quicksand=\"disabled\" data-quicksand-duration=\"1800\" data-popup-theme=\"theme_6\" data-popup-type=\"pretty-photo\" data-popup-image-text=\"data-description\" data-popup-widthsize=\"auto\" data-popup-heightsize=\"auto\" data-popup-i18n-words=\"{&quot;close&quot;:&quot;close&quot;,&quot;next&quot;:&quot;next&quot;,&quot;previous&quot;:&quot;previous&quot;,&quot;start_slideshow&quot;:&quot;start slideshow&quot;,&quot;stop_slideshow&quot;:&quot;stop slideshow&quot;,&quot;image&quot;:&quot;image&quot;,&quot;of&quot;:&quot;of&quot;,&quot;prev&quot;:&quot;prev&quot;,&quot;cExpand&quot;:&quot;Expand&quot;,&quot;cPrevious&quot;:&quot;Previous&quot;,&quot;cNext&quot;:&quot;Next&quot;,&quot;cExpandStr&quot;:&quot;Expand the image&quot;,&quot;cRotate&quot;:&quot;Rotate&quot;,&quot;cDetails&quot;:&quot;Details&quot;}\" data-popup-slideshow=\"false\" data-popup-slideshow-speed=\"2500\" data-popup-hoverstop=\"true\" data-popup-slideshow-auto=\"false\" data-popup-background=\"\" data-popup-transparency=\"30\" data-popup-disable-history=\"\" data-popup-disable-changed-url=\"\" data-popup-border-type=\"\" data-popup-border-color=\"\" data-popup-border-width=\"\" data-popup-border-enable=\"\" data-fullscreen=\"false\" data-hide-tooltip=\"false\" data-caption-font-family=\"Default\" data-caption-text-size=\"140\" data-is-mobile=\"0\" data-caption-mobile=\"false\" data-hide-long-tltp-title=\"0\" data-caption-disabled-on-mobile=\"false\" data-popup-placement-type=\"0\" data-social-sharing=\"{&quot;enabled&quot;:&quot;&quot;,&quot;gallerySharing&quot;:{&quot;enabled&quot;:null,&quot;position&quot;:null},&quot;imageSharing&quot;:{&quot;enabled&quot;:null,&quot;wrapperClass&quot;:&quot; vertical &quot;},&quot;popupSharing&quot;:{&quot;enabled&quot;:null,&quot;wrapperClass&quot;:&quot; vertical &quot;}}\" class=\"grid-gallery grid-gallery-fixed \" style=\" width:100%; height:auto; margin-left:auto; margin-right:auto;position:relative;\"> <div class=\"gallery-loading\"> <div class=\"blocks\"> <div class=\"block\"><\/div> <div class=\"block\"><\/div> <div class=\"block\"><\/div> <div class=\"block\"><\/div> <\/div> <\/div> <div class=\"gallery-sharing-top\" style=\"display:none;\"> <\/div> <div id=\"photos-2\" class=\"grid-gallery-photos\"><FIGURE class=\"grid-gallery-caption\" data-grid-gallery-type=\"quarter-two-step\" data-index=\"0\" style=\"display:none;border-radius:200;; margin:2.65px; height:2150; width:auto;\" ><div class=\"crop\" style=\"\"><img decoding=\"async\" src=\"https:\/\/www.residence-lapalmeraie.fr\/wp-content\/uploads\/2025\/02\/paysage-vierge-du-bedat-bagneres-de-bigorre-llona-mounic-tourmalet-pic-du-midi-323x215.jpg\" class=\"ggImg ggNotInitImg\" alt=\"paysage-vierge-du-bedat-bagneres-de-bigorre-llona-mounic-tourmalet-pic-du-midi\" title=\"paysage-vierge-du-bedat-bagneres-de-bigorre-llona-mounic-tourmalet-pic-du-midi\" data-description=\"paysage-vierge-du-bedat-bagneres-de-bigorre-llona-mounic-tourmalet-pic-du-midi\" data-caption=\"paysage-vierge-du-bedat-bagneres-de-bigorre-llona-mounic-tourmalet-pic-du-midi\" data-title=\"paysage-vierge-du-bedat-bagneres-de-bigorre-llona-mounic-tourmalet-pic-du-midi\" style=\" height:215px; width:auto;\" \/><\/div><FIGCAPTION class=\"\" data-alpha=\"5\" style=\"color:#ffffff; background-color:#0c0000; font-size:140; text-align:2; font-family:Default;\" ><div class=\"grid-gallery-figcaption-wrap\" style=\"\"><\/div><\/FIGCAPTION><\/FIGURE><FIGURE class=\"grid-gallery-caption\" data-grid-gallery-type=\"quarter-two-step\" data-index=\"1\" style=\"display:none;border-radius:200;; margin:2.65px; height:2150; width:auto;\" ><div class=\"crop\" style=\"\"><img decoding=\"async\" src=\"https:\/\/www.residence-lapalmeraie.fr\/wp-content\/uploads\/2025\/02\/photo.1540393.w1000-382x215.jpg\" class=\"ggImg ggNotInitImg\" alt=\"photo.1540393.w1000\" title=\"photo.1540393.w1000\" data-description=\"photo.1540393.w1000\" data-caption=\"photo.1540393.w1000\" data-title=\"photo.1540393.w1000\" style=\" height:215px; width:auto;\" \/><\/div><FIGCAPTION class=\"\" data-alpha=\"5\" style=\"color:#ffffff; background-color:#0c0000; font-size:140; text-align:2; font-family:Default;\" ><div class=\"grid-gallery-figcaption-wrap\" style=\"\"><\/div><\/FIGCAPTION><\/FIGURE><FIGURE class=\"grid-gallery-caption\" data-grid-gallery-type=\"quarter-two-step\" data-index=\"2\" style=\"display:none;border-radius:200;; margin:2.65px; height:2150; width:auto;\" ><div class=\"crop\" style=\"\"><img decoding=\"async\" src=\"https:\/\/www.residence-lapalmeraie.fr\/wp-content\/uploads\/2025\/02\/le-pic-du-midi-dans-les-hautes-pyrenees_d-viet-536x215.jpg\" class=\"ggImg ggNotInitImg\" alt=\"le-pic-du-midi-dans-les-hautes-pyrenees_d-viet\" title=\"le-pic-du-midi-dans-les-hautes-pyrenees_d-viet\" data-description=\"le-pic-du-midi-dans-les-hautes-pyrenees_d-viet\" data-caption=\"le-pic-du-midi-dans-les-hautes-pyrenees_d-viet\" data-title=\"le-pic-du-midi-dans-les-hautes-pyrenees_d-viet\" style=\" height:215px; width:auto;\" \/><\/div><FIGCAPTION class=\"\" data-alpha=\"5\" style=\"color:#ffffff; background-color:#0c0000; font-size:140; text-align:2; font-family:Default;\" ><div class=\"grid-gallery-figcaption-wrap\" style=\"\"><\/div><\/FIGCAPTION><\/FIGURE><FIGURE class=\"grid-gallery-caption\" data-grid-gallery-type=\"quarter-two-step\" data-index=\"3\" style=\"display:none;border-radius:200;; margin:2.65px; height:2150; width:auto;\" ><div class=\"crop\" style=\"\"><img decoding=\"async\" src=\"https:\/\/www.residence-lapalmeraie.fr\/wp-content\/uploads\/2025\/02\/aquensis2-1-323x215.jpg\" class=\"ggImg ggNotInitImg\" alt=\"aquensis2\" title=\"aquensis2\" data-description=\"aquensis2\" data-caption=\"aquensis2\" data-title=\"aquensis2\" style=\" height:215px; width:auto;\" \/><\/div><FIGCAPTION class=\"\" data-alpha=\"5\" style=\"color:#ffffff; background-color:#0c0000; font-size:140; text-align:2; font-family:Default;\" ><div class=\"grid-gallery-figcaption-wrap\" style=\"\"><\/div><\/FIGCAPTION><\/FIGURE> <div class=\"grid-gallery-clearfix\"><\/div> <\/div> <div class=\"gallery-sharing-bottom\" style=\"display:none;\"> <\/div> <div class=\"gallery-sharing-image\" style=\"display:none;\"> <\/div> <div class=\"gallery-sharing-popup\" style=\"display:none;\"> <\/div> <div class=\"grid-gallery-clearfix\"><\/div> <\/div> <!-- Gallery by Supsystic plugin1.15.31 --><a title=\"Wordpress Photo Gallery\" style=\"display:none;\" href=\"https:\/\/supsystic.com\/plugins\/photo-gallery\/?utm_medium=love_link\" target=\"_blank\">Wordpress Photo Gallery<\/a>\n","protected":false},"excerpt":{"rendered":"<p>R\u00e9sidence la Palmeraie Au c\u0153ur des Hautes Pyr\u00e9n\u00e9es, la r\u00e9sidence la Palmeraie, vous propose, toute l&#8217;ann\u00e9e la location d&#8217;un studio et de deux appartements meubl\u00e9s. Pens\u00e9 pour des s\u00e9jours de plusieurs jours, chaque location dispose de tout le confort n\u00e9cessaire ( cuisine \u00e9quip\u00e9e, internet, TV, lave linge) pour passer un s\u00e9jour agr\u00e9able. Proche des commerces &#8230; <a href=\"https:\/\/www.residence-lapalmeraie.fr\/\" class=\"more-link\">Read More<span class=\"screen-reader-text\"> &#8220;Accueil&#8221;<\/span> &raquo;<\/a><\/p>\n","protected":false},"author":1,"featured_media":0,"parent":0,"menu_order":0,"comment_status":"closed","ping_status":"closed","template":"","meta":{"footnotes":""},"class_list":["post-59","page","type-page","status-publish","hentry"],"_links":{"self":[{"href":"https:\/\/www.residence-lapalmeraie.fr\/index.php\/wp-json\/wp\/v2\/pages\/59","targetHints":{"allow":["GET"]}}],"collection":[{"href":"https:\/\/www.residence-lapalmeraie.fr\/index.php\/wp-json\/wp\/v2\/pages"}],"about":[{"href":"https:\/\/www.residence-lapalmeraie.fr\/index.php\/wp-json\/wp\/v2\/types\/page"}],"author":[{"embeddable":true,"href":"https:\/\/www.residence-lapalmeraie.fr\/index.php\/wp-json\/wp\/v2\/users\/1"}],"replies":[{"embeddable":true,"href":"https:\/\/www.residence-lapalmeraie.fr\/index.php\/wp-json\/wp\/v2\/comments?post=59"}],"version-history":[{"count":4,"href":"https:\/\/www.residence-lapalmeraie.fr\/index.php\/wp-json\/wp\/v2\/pages\/59\/revisions"}],"predecessor-version":[{"id":180,"href":"https:\/\/www.residence-lapalmeraie.fr\/index.php\/wp-json\/wp\/v2\/pages\/59\/revisions\/180"}],"wp:attachment":[{"href":"https:\/\/www.residence-lapalmeraie.fr\/index.php\/wp-json\/wp\/v2\/media?parent=59"}],"curies":[{"name":"wp","href":"https:\/\/api.w.org\/{rel}","templated":true}]}}