{"id":44,"date":"2025-02-01T16:56:40","date_gmt":"2025-02-01T15:56:40","guid":{"rendered":"http:\/\/www.residence-lapalmeraie.fr\/?page_id=44"},"modified":"2025-02-01T16:56:41","modified_gmt":"2025-02-01T15:56:41","slug":"activites","status":"publish","type":"page","link":"https:\/\/www.residence-lapalmeraie.fr\/index.php\/activites\/","title":{"rendered":"Activit\u00e9s"},"content":{"rendered":"\n<p>Pour des vacances sportives ou s\u00e9jour de d\u00e9tente ou encore pour les amoureux de la nature et de la montagne&nbsp;: Venez pratiquer:<\/p>\n\n\n\n<p>Le VTT, le Golf, le canyoning, le parapente, le rafting, la randonn\u00e9e, l\u2019escalade ect\u2026..<\/p>\n\n\n\n<p>Profitez des Thermes avec Aquentis, le casino de Bagn\u00e8res ainsi que des nombreux restaurants gastronomiques<\/p>\n\n\n\n<p>En hiver, venez skier au domaine du Grand Tourmalet avec ballade en raquette, moto neige, ski de fond et de piste.<\/p>\n\n\n\n<p>D\u00e9couverte du Patrimoine&nbsp;<\/p>\n\n\n\n<ul class=\"wp-block-list\">\n<li>Mus\u00e9um d&#8217;histoire naturelle<\/li>\n\n\n\n<li>Mus\u00e9e du marbre<\/li>\n\n\n\n<li>Le ch\u00e2teau de Mauvezin<\/li>\n\n\n\n<li>Abbaye cistercienne de l&#8217;Escaladieu<\/li>\n\n\n\n<li>Mus\u00e9e \u00e9picerie d&#8217;autrefois chez Gabrielle<\/li>\n\n\n\n<li>Le gouffre\u00a0d&#8217;Esparros\u00a0<\/li>\n\n\n\n<li>Vie d&#8217;estive devenez berger !<\/li>\n<\/ul>\n\n\n\n<p>Patrimoine culturel &#8211; Traditions<\/p>\n\n\n\n<ul class=\"wp-block-list\">\n<li>La maison des Ferr\u00e8re et du Baroque Pyr\u00e9n\u00e9en<\/li>\n\n\n\n<li>Maison natale de Dominique Larrey<\/li>\n\n\n\n<li>Soci\u00e9t\u00e9\u00a0des amis de Mme Campan<\/li>\n\n\n\n<li>Mounaque de campan<\/li>\n<\/ul>\n\n\n\n<p>Les Produits du Terroir<\/p>\n\n\n\n<ul class=\"wp-block-list\">\n<li>Le porc noir de bigorre<\/li>\n\n\n\n<li>Le haricot Tarbais\u00a0<\/li>\n\n\n\n<li>L&#8217;oignon de Tr\u00e9bons<\/li>\n\n\n\n<li>Le g\u00e2teau a la broche<\/li>\n\n\n\n<li>Le mouton a.o.c de bar\u00e8ges-Gavarnie<\/li>\n\n\n\n<li>Le fromage des Pyr\u00e9n\u00e9es<\/li>\n<\/ul>\n\n\n\n<p><strong>Esprit Grand Nord au Grand Tourmalet<\/strong><\/p>\n\n\n\n<ul class=\"wp-block-list\">\n<li>Payolle et le Plateau du Lienz \u00e0 Bar\u00e8ges<\/li>\n\n\n\n<li>Le ski de fond \u00e0 Payolle<\/li>\n<\/ul>\n","protected":false},"excerpt":{"rendered":"<p>Pour des vacances sportives ou s\u00e9jour de d\u00e9tente ou encore pour les amoureux de la nature et de la montagne&nbsp;: Venez pratiquer: Le VTT, le Golf, le canyoning, le parapente, le rafting, la randonn\u00e9e, l\u2019escalade ect\u2026.. Profitez des Thermes avec Aquentis, le casino de Bagn\u00e8res ainsi que des nombreux restaurants gastronomiques En hiver, venez skier &#8230; <a href=\"https:\/\/www.residence-lapalmeraie.fr\/index.php\/activites\/\" class=\"more-link\">Read More<span class=\"screen-reader-text\"> &#8220;Activit\u00e9s&#8221;<\/span> &raquo;<\/a><\/p>\n","protected":false},"author":1,"featured_media":0,"parent":0,"menu_order":0,"comment_status":"closed","ping_status":"closed","template":"","meta":{"footnotes":""},"class_list":["post-44","page","type-page","status-publish","hentry"],"_links":{"self":[{"href":"https:\/\/www.residence-lapalmeraie.fr\/index.php\/wp-json\/wp\/v2\/pages\/44","targetHints":{"allow":["GET"]}}],"collection":[{"href":"https:\/\/www.residence-lapalmeraie.fr\/index.php\/wp-json\/wp\/v2\/pages"}],"about":[{"href":"https:\/\/www.residence-lapalmeraie.fr\/index.php\/wp-json\/wp\/v2\/types\/page"}],"author":[{"embeddable":true,"href":"https:\/\/www.residence-lapalmeraie.fr\/index.php\/wp-json\/wp\/v2\/users\/1"}],"replies":[{"embeddable":true,"href":"https:\/\/www.residence-lapalmeraie.fr\/index.php\/wp-json\/wp\/v2\/comments?post=44"}],"version-history":[{"count":1,"href":"https:\/\/www.residence-lapalmeraie.fr\/index.php\/wp-json\/wp\/v2\/pages\/44\/revisions"}],"predecessor-version":[{"id":45,"href":"https:\/\/www.residence-lapalmeraie.fr\/index.php\/wp-json\/wp\/v2\/pages\/44\/revisions\/45"}],"wp:attachment":[{"href":"https:\/\/www.residence-lapalmeraie.fr\/index.php\/wp-json\/wp\/v2\/media?parent=44"}],"curies":[{"name":"wp","href":"https:\/\/api.w.org\/{rel}","templated":true}]}}