{"id":2,"date":"2025-02-01T16:12:18","date_gmt":"2025-02-01T15:12:18","guid":{"rendered":"http:\/\/www.residence-lapalmeraie.fr\/?page_id=2"},"modified":"2025-02-01T17:11:49","modified_gmt":"2025-02-01T16:11:49","slug":"page-d-exemple","status":"publish","type":"page","link":"https:\/\/www.residence-lapalmeraie.fr\/index.php\/page-d-exemple\/","title":{"rendered":"D\u00e9couvrez la r\u00e9sidence"},"content":{"rendered":"\n<p>Expos\u00e9 plein Sud, donnant vue sur l&#8217;Adourette et le pic du midi, la r\u00e9sidence est situ\u00e9e dans un quartier calme, derri\u00e8re la piscine municipale \u00e0 l&#8217;entr\u00e9e de Bagn\u00e8res de Bigorre. A proximit\u00e9 des petits commerces et de grandes surfaces, vous trouverez facilement une place pour vous garer.&nbsp;<\/p>\n\n\n\n<p>Les appartements en locations ont \u00e9t\u00e9 r\u00e9nov\u00e9s r\u00e9cemment, d\u00e9cor\u00e9s avec go\u00fbt ils proposent tout le confort&nbsp; moderne n\u00e9cessaire pour passer un s\u00e9jour agr\u00e9able. La r\u00e9sidence poss\u00e8de un espace laverie avec un system de jetons payant.<\/p>\n\n\n\n<p>La Palmeraie vous propose plusieurs formules de locations :<\/p>\n\n\n\n<ul class=\"wp-block-list\">\n<li>\u00e0 la semaine toute l&#8217;ann\u00e9e<\/li>\n\n\n\n<li>un forfait 3 semaines pour les p\u00e9riodes de cures thermales (Mars \u00e0 Novembre),<\/li>\n\n\n\n<li>week-end, 2\/3 jours suivant les p\u00e9riodes.\u00a0<\/li>\n<\/ul>\n\n\n\n<p><\/p>\n\n\n\n<p><\/p>\n","protected":false},"excerpt":{"rendered":"<p>Expos\u00e9 plein Sud, donnant vue sur l&#8217;Adourette et le pic du midi, la r\u00e9sidence est situ\u00e9e dans un quartier calme, derri\u00e8re la piscine municipale \u00e0 l&#8217;entr\u00e9e de Bagn\u00e8res de Bigorre. A proximit\u00e9 des petits commerces et de grandes surfaces, vous trouverez facilement une place pour vous garer.&nbsp; Les appartements en locations ont \u00e9t\u00e9 r\u00e9nov\u00e9s r\u00e9cemment, &#8230; <a href=\"https:\/\/www.residence-lapalmeraie.fr\/index.php\/page-d-exemple\/\" class=\"more-link\">Read More<span class=\"screen-reader-text\"> &#8220;D\u00e9couvrez la r\u00e9sidence&#8221;<\/span> &raquo;<\/a><\/p>\n","protected":false},"author":1,"featured_media":0,"parent":0,"menu_order":0,"comment_status":"closed","ping_status":"open","template":"","meta":{"footnotes":""},"class_list":["post-2","page","type-page","status-publish","hentry"],"_links":{"self":[{"href":"https:\/\/www.residence-lapalmeraie.fr\/index.php\/wp-json\/wp\/v2\/pages\/2","targetHints":{"allow":["GET"]}}],"collection":[{"href":"https:\/\/www.residence-lapalmeraie.fr\/index.php\/wp-json\/wp\/v2\/pages"}],"about":[{"href":"https:\/\/www.residence-lapalmeraie.fr\/index.php\/wp-json\/wp\/v2\/types\/page"}],"author":[{"embeddable":true,"href":"https:\/\/www.residence-lapalmeraie.fr\/index.php\/wp-json\/wp\/v2\/users\/1"}],"replies":[{"embeddable":true,"href":"https:\/\/www.residence-lapalmeraie.fr\/index.php\/wp-json\/wp\/v2\/comments?post=2"}],"version-history":[{"count":4,"href":"https:\/\/www.residence-lapalmeraie.fr\/index.php\/wp-json\/wp\/v2\/pages\/2\/revisions"}],"predecessor-version":[{"id":62,"href":"https:\/\/www.residence-lapalmeraie.fr\/index.php\/wp-json\/wp\/v2\/pages\/2\/revisions\/62"}],"wp:attachment":[{"href":"https:\/\/www.residence-lapalmeraie.fr\/index.php\/wp-json\/wp\/v2\/media?parent=2"}],"curies":[{"name":"wp","href":"https:\/\/api.w.org\/{rel}","templated":true}]}}